{"id":150,"date":"2025-03-25T12:42:23","date_gmt":"2025-03-25T11:42:23","guid":{"rendered":"https:\/\/claboureausophrologue.fr\/?page_id=150"},"modified":"2025-09-16T17:49:28","modified_gmt":"2025-09-16T15:49:28","slug":"actualites-2","status":"publish","type":"page","link":"https:\/\/claboureausophrologue.fr\/index.php\/actualites-2\/","title":{"rendered":"Actualit\u00e9s"},"content":{"rendered":"\n<h2 class=\"wp-block-heading\">S\u00e9ances en groupe &#8211; Sophrologie<\/h2>\n\n\n\n<ul class=\"wp-block-list\">\n<li>Tous les vendredis de 17h45 \u00e0 18h45: \u00e0 Irigny, via l&rsquo;association <a href=\"https:\/\/www.gymvolontaire-irigny.com\/page\/1449864-planning\">AGVI<\/a>. Pour adultes et adolescents.<\/li>\n\n\n\n<li>Pendant l&rsquo;accueil de loisirs \u00e0 la <a href=\"https:\/\/mjc-pierre-benite.fr\/enfance%c2%b7jeunesse\/accueil-de-loisirs\/\">MJC <\/a>de Pierre B\u00e9nite: enfants de 6 \u00e0 8 ans, pendant les vacances scolaires<\/li>\n<\/ul>\n\n\n\n<h2 class=\"wp-block-heading\">Massage Shiatsu<\/h2>\n\n\n\n<ul class=\"wp-block-list\">\n<li>En partenariat avec l&rsquo;Association <a href=\"https:\/\/association.atoutguerison.fr\/massage-avec-cathy\">Atout Gu\u00e9rison<\/a>: tarif pr\u00e9f\u00e9rentiel pour les adh\u00e9rents; le jour \u00e0 votre convenance, \u00e0 Pierre B\u00e9nite ou \u00e0 votre domicile.<\/li>\n<\/ul>\n","protected":false},"excerpt":{"rendered":"<p>S\u00e9ances en groupe &#8211; Sophrologie Massage Shiatsu<\/p>\n","protected":false},"author":1,"featured_media":172,"parent":0,"menu_order":0,"comment_status":"closed","ping_status":"closed","template":"","meta":{"_crdt_document":"","footnotes":""},"class_list":["post-150","page","type-page","status-publish","has-post-thumbnail"],"yoast_head":"<!-- This site is optimized with the Yoast SEO plugin v26.7 - https:\/\/yoast.com\/wordpress\/plugins\/seo\/ -->\n<title>Actualit\u00e9s - Catherine Laboureau - Sophrologie et Massage<\/title>\n<meta name=\"robots\" content=\"index, follow, max-snippet:-1, max-image-preview:large, max-video-preview:-1\" \/>\n<link rel=\"canonical\" href=\"https:\/\/claboureausophrologue.fr\/index.php\/actualites-2\/\" \/>\n<meta property=\"og:locale\" content=\"fr_FR\" \/>\n<meta property=\"og:type\" content=\"article\" \/>\n<meta property=\"og:title\" content=\"Actualit\u00e9s - Catherine Laboureau - Sophrologie et Massage\" \/>\n<meta property=\"og:description\" content=\"S\u00e9ances en groupe &#8211; Sophrologie Massage Shiatsu\" \/>\n<meta property=\"og:url\" content=\"https:\/\/claboureausophrologue.fr\/index.php\/actualites-2\/\" \/>\n<meta property=\"og:site_name\" content=\"Catherine Laboureau - Sophrologie et Massage\" \/>\n<meta property=\"article:modified_time\" content=\"2025-09-16T15:49:28+00:00\" \/>\n<meta property=\"og:image\" content=\"https:\/\/claboureausophrologue.fr\/wp-content\/uploads\/2025\/09\/dessin-norine-scaled.jpg\" \/>\n\t<meta property=\"og:image:width\" content=\"2560\" \/>\n\t<meta property=\"og:image:height\" content=\"2064\" \/>\n\t<meta property=\"og:image:type\" content=\"image\/jpeg\" \/>\n<meta name=\"twitter:card\" content=\"summary_large_image\" \/>\n<meta name=\"twitter:label1\" content=\"Dur\u00e9e de lecture estim\u00e9e\" \/>\n\t<meta name=\"twitter:data1\" content=\"1 minute\" \/>\n<script type=\"application\/ld+json\" class=\"yoast-schema-graph\">{\"@context\":\"https:\/\/schema.org\",\"@graph\":[{\"@type\":\"WebPage\",\"@id\":\"https:\/\/claboureausophrologue.fr\/index.php\/actualites-2\/\",\"url\":\"https:\/\/claboureausophrologue.fr\/index.php\/actualites-2\/\",\"name\":\"Actualit\u00e9s - Catherine Laboureau - Sophrologie et Massage\",\"isPartOf\":{\"@id\":\"https:\/\/claboureausophrologue.fr\/#website\"},\"primaryImageOfPage\":{\"@id\":\"https:\/\/claboureausophrologue.fr\/index.php\/actualites-2\/#primaryimage\"},\"image\":{\"@id\":\"https:\/\/claboureausophrologue.fr\/index.php\/actualites-2\/#primaryimage\"},\"thumbnailUrl\":\"https:\/\/claboureausophrologue.fr\/wp-content\/uploads\/2025\/09\/dessin-norine-scaled.jpg\",\"datePublished\":\"2025-03-25T11:42:23+00:00\",\"dateModified\":\"2025-09-16T15:49:28+00:00\",\"breadcrumb\":{\"@id\":\"https:\/\/claboureausophrologue.fr\/index.php\/actualites-2\/#breadcrumb\"},\"inLanguage\":\"fr-FR\",\"potentialAction\":[{\"@type\":\"ReadAction\",\"target\":[\"https:\/\/claboureausophrologue.fr\/index.php\/actualites-2\/\"]}]},{\"@type\":\"ImageObject\",\"inLanguage\":\"fr-FR\",\"@id\":\"https:\/\/claboureausophrologue.fr\/index.php\/actualites-2\/#primaryimage\",\"url\":\"https:\/\/claboureausophrologue.fr\/wp-content\/uploads\/2025\/09\/dessin-norine-scaled.jpg\",\"contentUrl\":\"https:\/\/claboureausophrologue.fr\/wp-content\/uploads\/2025\/09\/dessin-norine-scaled.jpg\",\"width\":2560,\"height\":2064},{\"@type\":\"BreadcrumbList\",\"@id\":\"https:\/\/claboureausophrologue.fr\/index.php\/actualites-2\/#breadcrumb\",\"itemListElement\":[{\"@type\":\"ListItem\",\"position\":1,\"name\":\"Home\",\"item\":\"https:\/\/claboureausophrologue.fr\/\"},{\"@type\":\"ListItem\",\"position\":2,\"name\":\"Actualit\u00e9s\"}]},{\"@type\":\"WebSite\",\"@id\":\"https:\/\/claboureausophrologue.fr\/#website\",\"url\":\"https:\/\/claboureausophrologue.fr\/\",\"name\":\"Catherine Laboureau - Sophrologie et Massage\",\"description\":\"\u00c0 l&#039;\u00e9coute de vos besoins\",\"publisher\":{\"@id\":\"https:\/\/claboureausophrologue.fr\/#\/schema\/person\/93726f0dbcb7f4f534f560d208885734\"},\"potentialAction\":[{\"@type\":\"SearchAction\",\"target\":{\"@type\":\"EntryPoint\",\"urlTemplate\":\"https:\/\/claboureausophrologue.fr\/?s={search_term_string}\"},\"query-input\":{\"@type\":\"PropertyValueSpecification\",\"valueRequired\":true,\"valueName\":\"search_term_string\"}}],\"inLanguage\":\"fr-FR\"},{\"@type\":[\"Person\",\"Organization\"],\"@id\":\"https:\/\/claboureausophrologue.fr\/#\/schema\/person\/93726f0dbcb7f4f534f560d208885734\",\"name\":\"laboureau\",\"image\":{\"@type\":\"ImageObject\",\"inLanguage\":\"fr-FR\",\"@id\":\"https:\/\/claboureausophrologue.fr\/#\/schema\/person\/image\/\",\"url\":\"https:\/\/claboureausophrologue.fr\/wp-content\/uploads\/2025\/01\/cropped-Logo-Site.jpeg\",\"contentUrl\":\"https:\/\/claboureausophrologue.fr\/wp-content\/uploads\/2025\/01\/cropped-Logo-Site.jpeg\",\"width\":500,\"height\":500,\"caption\":\"laboureau\"},\"logo\":{\"@id\":\"https:\/\/claboureausophrologue.fr\/#\/schema\/person\/image\/\"},\"sameAs\":[\"https:\/\/claboureausophrologue.fr\"]}]}<\/script>\n<!-- \/ Yoast SEO plugin. -->","yoast_head_json":{"title":"Actualit\u00e9s - Catherine Laboureau - Sophrologie et Massage","robots":{"index":"index","follow":"follow","max-snippet":"max-snippet:-1","max-image-preview":"max-image-preview:large","max-video-preview":"max-video-preview:-1"},"canonical":"https:\/\/claboureausophrologue.fr\/index.php\/actualites-2\/","og_locale":"fr_FR","og_type":"article","og_title":"Actualit\u00e9s - Catherine Laboureau - Sophrologie et Massage","og_description":"S\u00e9ances en groupe &#8211; Sophrologie Massage Shiatsu","og_url":"https:\/\/claboureausophrologue.fr\/index.php\/actualites-2\/","og_site_name":"Catherine Laboureau - Sophrologie et Massage","article_modified_time":"2025-09-16T15:49:28+00:00","og_image":[{"width":2560,"height":2064,"url":"https:\/\/claboureausophrologue.fr\/wp-content\/uploads\/2025\/09\/dessin-norine-scaled.jpg","type":"image\/jpeg"}],"twitter_card":"summary_large_image","twitter_misc":{"Dur\u00e9e de lecture estim\u00e9e":"1 minute"},"schema":{"@context":"https:\/\/schema.org","@graph":[{"@type":"WebPage","@id":"https:\/\/claboureausophrologue.fr\/index.php\/actualites-2\/","url":"https:\/\/claboureausophrologue.fr\/index.php\/actualites-2\/","name":"Actualit\u00e9s - Catherine Laboureau - Sophrologie et Massage","isPartOf":{"@id":"https:\/\/claboureausophrologue.fr\/#website"},"primaryImageOfPage":{"@id":"https:\/\/claboureausophrologue.fr\/index.php\/actualites-2\/#primaryimage"},"image":{"@id":"https:\/\/claboureausophrologue.fr\/index.php\/actualites-2\/#primaryimage"},"thumbnailUrl":"https:\/\/claboureausophrologue.fr\/wp-content\/uploads\/2025\/09\/dessin-norine-scaled.jpg","datePublished":"2025-03-25T11:42:23+00:00","dateModified":"2025-09-16T15:49:28+00:00","breadcrumb":{"@id":"https:\/\/claboureausophrologue.fr\/index.php\/actualites-2\/#breadcrumb"},"inLanguage":"fr-FR","potentialAction":[{"@type":"ReadAction","target":["https:\/\/claboureausophrologue.fr\/index.php\/actualites-2\/"]}]},{"@type":"ImageObject","inLanguage":"fr-FR","@id":"https:\/\/claboureausophrologue.fr\/index.php\/actualites-2\/#primaryimage","url":"https:\/\/claboureausophrologue.fr\/wp-content\/uploads\/2025\/09\/dessin-norine-scaled.jpg","contentUrl":"https:\/\/claboureausophrologue.fr\/wp-content\/uploads\/2025\/09\/dessin-norine-scaled.jpg","width":2560,"height":2064},{"@type":"BreadcrumbList","@id":"https:\/\/claboureausophrologue.fr\/index.php\/actualites-2\/#breadcrumb","itemListElement":[{"@type":"ListItem","position":1,"name":"Home","item":"https:\/\/claboureausophrologue.fr\/"},{"@type":"ListItem","position":2,"name":"Actualit\u00e9s"}]},{"@type":"WebSite","@id":"https:\/\/claboureausophrologue.fr\/#website","url":"https:\/\/claboureausophrologue.fr\/","name":"Catherine Laboureau - Sophrologie et Massage","description":"\u00c0 l&#039;\u00e9coute de vos besoins","publisher":{"@id":"https:\/\/claboureausophrologue.fr\/#\/schema\/person\/93726f0dbcb7f4f534f560d208885734"},"potentialAction":[{"@type":"SearchAction","target":{"@type":"EntryPoint","urlTemplate":"https:\/\/claboureausophrologue.fr\/?s={search_term_string}"},"query-input":{"@type":"PropertyValueSpecification","valueRequired":true,"valueName":"search_term_string"}}],"inLanguage":"fr-FR"},{"@type":["Person","Organization"],"@id":"https:\/\/claboureausophrologue.fr\/#\/schema\/person\/93726f0dbcb7f4f534f560d208885734","name":"laboureau","image":{"@type":"ImageObject","inLanguage":"fr-FR","@id":"https:\/\/claboureausophrologue.fr\/#\/schema\/person\/image\/","url":"https:\/\/claboureausophrologue.fr\/wp-content\/uploads\/2025\/01\/cropped-Logo-Site.jpeg","contentUrl":"https:\/\/claboureausophrologue.fr\/wp-content\/uploads\/2025\/01\/cropped-Logo-Site.jpeg","width":500,"height":500,"caption":"laboureau"},"logo":{"@id":"https:\/\/claboureausophrologue.fr\/#\/schema\/person\/image\/"},"sameAs":["https:\/\/claboureausophrologue.fr"]}]}},"_links":{"self":[{"href":"https:\/\/claboureausophrologue.fr\/index.php\/wp-json\/wp\/v2\/pages\/150","targetHints":{"allow":["GET"]}}],"collection":[{"href":"https:\/\/claboureausophrologue.fr\/index.php\/wp-json\/wp\/v2\/pages"}],"about":[{"href":"https:\/\/claboureausophrologue.fr\/index.php\/wp-json\/wp\/v2\/types\/page"}],"author":[{"embeddable":true,"href":"https:\/\/claboureausophrologue.fr\/index.php\/wp-json\/wp\/v2\/users\/1"}],"replies":[{"embeddable":true,"href":"https:\/\/claboureausophrologue.fr\/index.php\/wp-json\/wp\/v2\/comments?post=150"}],"version-history":[{"count":4,"href":"https:\/\/claboureausophrologue.fr\/index.php\/wp-json\/wp\/v2\/pages\/150\/revisions"}],"predecessor-version":[{"id":171,"href":"https:\/\/claboureausophrologue.fr\/index.php\/wp-json\/wp\/v2\/pages\/150\/revisions\/171"}],"wp:featuredmedia":[{"embeddable":true,"href":"https:\/\/claboureausophrologue.fr\/index.php\/wp-json\/wp\/v2\/media\/172"}],"wp:attachment":[{"href":"https:\/\/claboureausophrologue.fr\/index.php\/wp-json\/wp\/v2\/media?parent=150"}],"curies":[{"name":"wp","href":"https:\/\/api.w.org\/{rel}","templated":true}]}}