{"id":47,"date":"2025-01-15T17:07:05","date_gmt":"2025-01-15T16:07:05","guid":{"rendered":"https:\/\/claboureausophrologue.fr\/?page_id=47"},"modified":"2025-09-16T17:40:38","modified_gmt":"2025-09-16T15:40:38","slug":"sophrologie","status":"publish","type":"page","link":"https:\/\/claboureausophrologue.fr\/index.php\/sophrologie\/","title":{"rendered":"Sophrologie"},"content":{"rendered":"<p>&nbsp;<\/p>\n<p>Cr\u00e9\u00e9e par le neuropsychiatre Alfonso Caycedo en 1960, dans un environnement hospitalier en Espagne, elle s\u2019inspire de plusieurs disciplines occidentales et orientales (techniques de relaxation de l\u2019Occident, hypnose, yoga, zen japonais, bouddhisme, psychiatrie et psychologie, neurologie, terpnos logos)<\/p>\n<p>On pourrait la d\u00e9crire comme une \u00ab\u00a0science du bien-\u00eatre et de l\u2019\u00e9quilibre personnel\u00a0\u00bb<\/p>\n<p>Elle combine des techniques de respiration, de d\u00e9tente musculaire, des mouvements corporels (relaxation dynamique) et de visualisation positive.<\/p>\n<p>Le corps est sollicit\u00e9 \u00e0 travers des mouvements doux et des respirations contr\u00f4l\u00e9es qui lib\u00e8rent les tensions.<\/p>\n<p>L\u2019esprit, lui, se calme en focalisant l\u2019attention sur le moment pr\u00e9sent, permettant de l\u00e2cher prise sur les pens\u00e9es n\u00e9gatives.<\/p>\n<p>Enfin, le c\u0153ur, en lien avec les \u00e9motions, retrouve un espace pour exprimer et accueillir les sentiments, favorisant une meilleure compr\u00e9hension des \u00e9motions.<\/p>\n<p>Gr\u00e2ce \u00e0 des exercices simples, la sophrologie permet de se reconnecter \u00e0 son corps, d\u2019apaiser son esprit et d\u2019accueillir ses \u00e9motions en toute conscience.<\/p>\n<p>A travers une <strong>pratique r\u00e9guli\u00e8re<\/strong>, visant <strong>l\u2019autonomie<\/strong>, c\u2019est un outil pour retrouver une <strong>meilleure connaissance de soi<\/strong>, de renforcer son <strong>\u00e9quilibre int\u00e9rieur et son alignement avec soi-m\u00eame<\/strong>.<\/p>\n<p>La sophrologie peut venir en compl\u00e9ment et en support d\u2019une d\u00e9marche th\u00e9rapeutique mais ne se substitue en aucun cas \u00e0 un traitement ou avis m\u00e9dical.<\/p>\n","protected":false},"excerpt":{"rendered":"<p>&nbsp; Cr\u00e9\u00e9e par le neuropsychiatre Alfonso Caycedo en 1960, dans un environnement hospitalier en Espagne, elle s\u2019inspire de plusieurs disciplines occidentales et orientales (techniques de relaxation de l\u2019Occident, hypnose, yoga, zen japonais, bouddhisme, psychiatrie et psychologie, neurologie, terpnos logos) On pourrait la d\u00e9crire comme une \u00ab\u00a0science du bien-\u00eatre et de l\u2019\u00e9quilibre personnel\u00a0\u00bb Elle combine des &#8230; <a title=\"Sophrologie\" class=\"read-more\" href=\"https:\/\/claboureausophrologue.fr\/index.php\/sophrologie\/\" aria-label=\"En savoir plus sur Sophrologie\">Lire la suite<\/a><\/p>\n","protected":false},"author":1,"featured_media":166,"parent":0,"menu_order":0,"comment_status":"closed","ping_status":"closed","template":"","meta":{"_crdt_document":"","footnotes":""},"class_list":["post-47","page","type-page","status-publish","has-post-thumbnail"],"yoast_head":"<!-- This site is optimized with the Yoast SEO plugin v26.7 - https:\/\/yoast.com\/wordpress\/plugins\/seo\/ -->\n<title>Sophrologie - Catherine Laboureau - Sophrologie et Massage<\/title>\n<meta name=\"description\" content=\"sophrologie, bien \u00eatre et \u00e9quilibre personnel. Travail sur le corps, les \u00e9motions, le mental. Se focaliser sur le pr\u00e9sent et le positif.\" \/>\n<meta name=\"robots\" content=\"index, follow, max-snippet:-1, max-image-preview:large, max-video-preview:-1\" \/>\n<link rel=\"canonical\" href=\"https:\/\/claboureausophrologue.fr\/index.php\/sophrologie\/\" \/>\n<meta property=\"og:locale\" content=\"fr_FR\" \/>\n<meta property=\"og:type\" content=\"article\" \/>\n<meta property=\"og:title\" content=\"Sophrologie - Catherine Laboureau - Sophrologie et Massage\" \/>\n<meta property=\"og:description\" content=\"sophrologie, bien \u00eatre et \u00e9quilibre personnel. Travail sur le corps, les \u00e9motions, le mental. Se focaliser sur le pr\u00e9sent et le positif.\" \/>\n<meta property=\"og:url\" content=\"https:\/\/claboureausophrologue.fr\/index.php\/sophrologie\/\" \/>\n<meta property=\"og:site_name\" content=\"Catherine Laboureau - Sophrologie et Massage\" \/>\n<meta property=\"article:modified_time\" content=\"2025-09-16T15:40:38+00:00\" \/>\n<meta property=\"og:image\" content=\"https:\/\/claboureausophrologue.fr\/wp-content\/uploads\/2025\/09\/PhtoDalaiLama-Sambuc-scaled.jpg\" \/>\n\t<meta property=\"og:image:width\" content=\"2560\" \/>\n\t<meta property=\"og:image:height\" content=\"1920\" \/>\n\t<meta property=\"og:image:type\" content=\"image\/jpeg\" \/>\n<meta name=\"twitter:card\" content=\"summary_large_image\" \/>\n<meta name=\"twitter:label1\" content=\"Dur\u00e9e de lecture estim\u00e9e\" \/>\n\t<meta name=\"twitter:data1\" content=\"2 minutes\" \/>\n<script type=\"application\/ld+json\" class=\"yoast-schema-graph\">{\"@context\":\"https:\/\/schema.org\",\"@graph\":[{\"@type\":\"WebPage\",\"@id\":\"https:\/\/claboureausophrologue.fr\/index.php\/sophrologie\/\",\"url\":\"https:\/\/claboureausophrologue.fr\/index.php\/sophrologie\/\",\"name\":\"Sophrologie - Catherine Laboureau - Sophrologie et Massage\",\"isPartOf\":{\"@id\":\"https:\/\/claboureausophrologue.fr\/#website\"},\"primaryImageOfPage\":{\"@id\":\"https:\/\/claboureausophrologue.fr\/index.php\/sophrologie\/#primaryimage\"},\"image\":{\"@id\":\"https:\/\/claboureausophrologue.fr\/index.php\/sophrologie\/#primaryimage\"},\"thumbnailUrl\":\"https:\/\/claboureausophrologue.fr\/wp-content\/uploads\/2025\/09\/PhtoDalaiLama-Sambuc-scaled.jpg\",\"datePublished\":\"2025-01-15T16:07:05+00:00\",\"dateModified\":\"2025-09-16T15:40:38+00:00\",\"description\":\"sophrologie, bien \u00eatre et \u00e9quilibre personnel. Travail sur le corps, les \u00e9motions, le mental. Se focaliser sur le pr\u00e9sent et le positif.\",\"breadcrumb\":{\"@id\":\"https:\/\/claboureausophrologue.fr\/index.php\/sophrologie\/#breadcrumb\"},\"inLanguage\":\"fr-FR\",\"potentialAction\":[{\"@type\":\"ReadAction\",\"target\":[\"https:\/\/claboureausophrologue.fr\/index.php\/sophrologie\/\"]}]},{\"@type\":\"ImageObject\",\"inLanguage\":\"fr-FR\",\"@id\":\"https:\/\/claboureausophrologue.fr\/index.php\/sophrologie\/#primaryimage\",\"url\":\"https:\/\/claboureausophrologue.fr\/wp-content\/uploads\/2025\/09\/PhtoDalaiLama-Sambuc-scaled.jpg\",\"contentUrl\":\"https:\/\/claboureausophrologue.fr\/wp-content\/uploads\/2025\/09\/PhtoDalaiLama-Sambuc-scaled.jpg\",\"width\":2560,\"height\":1920},{\"@type\":\"BreadcrumbList\",\"@id\":\"https:\/\/claboureausophrologue.fr\/index.php\/sophrologie\/#breadcrumb\",\"itemListElement\":[{\"@type\":\"ListItem\",\"position\":1,\"name\":\"Home\",\"item\":\"https:\/\/claboureausophrologue.fr\/\"},{\"@type\":\"ListItem\",\"position\":2,\"name\":\"Sophrologie\"}]},{\"@type\":\"WebSite\",\"@id\":\"https:\/\/claboureausophrologue.fr\/#website\",\"url\":\"https:\/\/claboureausophrologue.fr\/\",\"name\":\"Catherine Laboureau - Sophrologie et Massage\",\"description\":\"\u00c0 l&#039;\u00e9coute de vos besoins\",\"publisher\":{\"@id\":\"https:\/\/claboureausophrologue.fr\/#\/schema\/person\/93726f0dbcb7f4f534f560d208885734\"},\"potentialAction\":[{\"@type\":\"SearchAction\",\"target\":{\"@type\":\"EntryPoint\",\"urlTemplate\":\"https:\/\/claboureausophrologue.fr\/?s={search_term_string}\"},\"query-input\":{\"@type\":\"PropertyValueSpecification\",\"valueRequired\":true,\"valueName\":\"search_term_string\"}}],\"inLanguage\":\"fr-FR\"},{\"@type\":[\"Person\",\"Organization\"],\"@id\":\"https:\/\/claboureausophrologue.fr\/#\/schema\/person\/93726f0dbcb7f4f534f560d208885734\",\"name\":\"laboureau\",\"image\":{\"@type\":\"ImageObject\",\"inLanguage\":\"fr-FR\",\"@id\":\"https:\/\/claboureausophrologue.fr\/#\/schema\/person\/image\/\",\"url\":\"https:\/\/claboureausophrologue.fr\/wp-content\/uploads\/2025\/01\/cropped-Logo-Site.jpeg\",\"contentUrl\":\"https:\/\/claboureausophrologue.fr\/wp-content\/uploads\/2025\/01\/cropped-Logo-Site.jpeg\",\"width\":500,\"height\":500,\"caption\":\"laboureau\"},\"logo\":{\"@id\":\"https:\/\/claboureausophrologue.fr\/#\/schema\/person\/image\/\"},\"sameAs\":[\"https:\/\/claboureausophrologue.fr\"]}]}<\/script>\n<!-- \/ Yoast SEO plugin. -->","yoast_head_json":{"title":"Sophrologie - Catherine Laboureau - Sophrologie et Massage","description":"sophrologie, bien \u00eatre et \u00e9quilibre personnel. Travail sur le corps, les \u00e9motions, le mental. Se focaliser sur le pr\u00e9sent et le positif.","robots":{"index":"index","follow":"follow","max-snippet":"max-snippet:-1","max-image-preview":"max-image-preview:large","max-video-preview":"max-video-preview:-1"},"canonical":"https:\/\/claboureausophrologue.fr\/index.php\/sophrologie\/","og_locale":"fr_FR","og_type":"article","og_title":"Sophrologie - Catherine Laboureau - Sophrologie et Massage","og_description":"sophrologie, bien \u00eatre et \u00e9quilibre personnel. Travail sur le corps, les \u00e9motions, le mental. Se focaliser sur le pr\u00e9sent et le positif.","og_url":"https:\/\/claboureausophrologue.fr\/index.php\/sophrologie\/","og_site_name":"Catherine Laboureau - Sophrologie et Massage","article_modified_time":"2025-09-16T15:40:38+00:00","og_image":[{"width":2560,"height":1920,"url":"https:\/\/claboureausophrologue.fr\/wp-content\/uploads\/2025\/09\/PhtoDalaiLama-Sambuc-scaled.jpg","type":"image\/jpeg"}],"twitter_card":"summary_large_image","twitter_misc":{"Dur\u00e9e de lecture estim\u00e9e":"2 minutes"},"schema":{"@context":"https:\/\/schema.org","@graph":[{"@type":"WebPage","@id":"https:\/\/claboureausophrologue.fr\/index.php\/sophrologie\/","url":"https:\/\/claboureausophrologue.fr\/index.php\/sophrologie\/","name":"Sophrologie - Catherine Laboureau - Sophrologie et Massage","isPartOf":{"@id":"https:\/\/claboureausophrologue.fr\/#website"},"primaryImageOfPage":{"@id":"https:\/\/claboureausophrologue.fr\/index.php\/sophrologie\/#primaryimage"},"image":{"@id":"https:\/\/claboureausophrologue.fr\/index.php\/sophrologie\/#primaryimage"},"thumbnailUrl":"https:\/\/claboureausophrologue.fr\/wp-content\/uploads\/2025\/09\/PhtoDalaiLama-Sambuc-scaled.jpg","datePublished":"2025-01-15T16:07:05+00:00","dateModified":"2025-09-16T15:40:38+00:00","description":"sophrologie, bien \u00eatre et \u00e9quilibre personnel. Travail sur le corps, les \u00e9motions, le mental. Se focaliser sur le pr\u00e9sent et le positif.","breadcrumb":{"@id":"https:\/\/claboureausophrologue.fr\/index.php\/sophrologie\/#breadcrumb"},"inLanguage":"fr-FR","potentialAction":[{"@type":"ReadAction","target":["https:\/\/claboureausophrologue.fr\/index.php\/sophrologie\/"]}]},{"@type":"ImageObject","inLanguage":"fr-FR","@id":"https:\/\/claboureausophrologue.fr\/index.php\/sophrologie\/#primaryimage","url":"https:\/\/claboureausophrologue.fr\/wp-content\/uploads\/2025\/09\/PhtoDalaiLama-Sambuc-scaled.jpg","contentUrl":"https:\/\/claboureausophrologue.fr\/wp-content\/uploads\/2025\/09\/PhtoDalaiLama-Sambuc-scaled.jpg","width":2560,"height":1920},{"@type":"BreadcrumbList","@id":"https:\/\/claboureausophrologue.fr\/index.php\/sophrologie\/#breadcrumb","itemListElement":[{"@type":"ListItem","position":1,"name":"Home","item":"https:\/\/claboureausophrologue.fr\/"},{"@type":"ListItem","position":2,"name":"Sophrologie"}]},{"@type":"WebSite","@id":"https:\/\/claboureausophrologue.fr\/#website","url":"https:\/\/claboureausophrologue.fr\/","name":"Catherine Laboureau - Sophrologie et Massage","description":"\u00c0 l&#039;\u00e9coute de vos besoins","publisher":{"@id":"https:\/\/claboureausophrologue.fr\/#\/schema\/person\/93726f0dbcb7f4f534f560d208885734"},"potentialAction":[{"@type":"SearchAction","target":{"@type":"EntryPoint","urlTemplate":"https:\/\/claboureausophrologue.fr\/?s={search_term_string}"},"query-input":{"@type":"PropertyValueSpecification","valueRequired":true,"valueName":"search_term_string"}}],"inLanguage":"fr-FR"},{"@type":["Person","Organization"],"@id":"https:\/\/claboureausophrologue.fr\/#\/schema\/person\/93726f0dbcb7f4f534f560d208885734","name":"laboureau","image":{"@type":"ImageObject","inLanguage":"fr-FR","@id":"https:\/\/claboureausophrologue.fr\/#\/schema\/person\/image\/","url":"https:\/\/claboureausophrologue.fr\/wp-content\/uploads\/2025\/01\/cropped-Logo-Site.jpeg","contentUrl":"https:\/\/claboureausophrologue.fr\/wp-content\/uploads\/2025\/01\/cropped-Logo-Site.jpeg","width":500,"height":500,"caption":"laboureau"},"logo":{"@id":"https:\/\/claboureausophrologue.fr\/#\/schema\/person\/image\/"},"sameAs":["https:\/\/claboureausophrologue.fr"]}]}},"_links":{"self":[{"href":"https:\/\/claboureausophrologue.fr\/index.php\/wp-json\/wp\/v2\/pages\/47","targetHints":{"allow":["GET"]}}],"collection":[{"href":"https:\/\/claboureausophrologue.fr\/index.php\/wp-json\/wp\/v2\/pages"}],"about":[{"href":"https:\/\/claboureausophrologue.fr\/index.php\/wp-json\/wp\/v2\/types\/page"}],"author":[{"embeddable":true,"href":"https:\/\/claboureausophrologue.fr\/index.php\/wp-json\/wp\/v2\/users\/1"}],"replies":[{"embeddable":true,"href":"https:\/\/claboureausophrologue.fr\/index.php\/wp-json\/wp\/v2\/comments?post=47"}],"version-history":[{"count":2,"href":"https:\/\/claboureausophrologue.fr\/index.php\/wp-json\/wp\/v2\/pages\/47\/revisions"}],"predecessor-version":[{"id":50,"href":"https:\/\/claboureausophrologue.fr\/index.php\/wp-json\/wp\/v2\/pages\/47\/revisions\/50"}],"wp:featuredmedia":[{"embeddable":true,"href":"https:\/\/claboureausophrologue.fr\/index.php\/wp-json\/wp\/v2\/media\/166"}],"wp:attachment":[{"href":"https:\/\/claboureausophrologue.fr\/index.php\/wp-json\/wp\/v2\/media?parent=47"}],"curies":[{"name":"wp","href":"https:\/\/api.w.org\/{rel}","templated":true}]}}